{"id":16735,"date":"2015-11-03T14:49:56","date_gmt":"2015-11-03T13:49:56","guid":{"rendered":"http:\/\/www.cinestudio.net\/production\/?page_id=16735"},"modified":"2015-11-03T14:58:16","modified_gmt":"2015-11-03T13:58:16","slug":"note-legali","status":"publish","type":"page","link":"https:\/\/www.cinestudio.net\/production\/note-legali\/","title":{"rendered":"Note Legali"},"content":{"rendered":"<div class=\"wpb-content-wrapper\"><p>[vc_row][vc_column][vc_separator type=&#8221;transparent&#8221; position=&#8221;center&#8221; width_in_percentages=&#8221;&#8221; down=&#8221;100&#8243;][vc_column_text]<\/p>\n<h1><\/h1>\n<h1>Note Legali<\/h1>\n<p>Copyright \u00a9 2015 Cinestudio S.r.l. \u2013 Tutti i diritti riservati.<\/p>\n<p>IL DOMINIO E IL SITO WEB \u201cWWW.CINESTUDIO.NET\u201d SONO PROPRIET\u00c0 DELLA CINESTUDIO S.R.L.<\/p>\n<p>sede legale: Cinestudio srl<br \/>\nVia M.Melloni, 10 20129 Milano P.IVA 11858500157<br \/>\nemail: info@cinestudio.net<\/p>\n<h6>TERMINI E CONDIZIONI D\u2019USO DEL SITO WEB www.cinestudio.net (\u201cIL SITO\u201d)<br \/>\nL\u2019UTENTE CHE NAVIGA NEL NOSTRO SITO E\u2019 PREGATO DI RISPETTARE LE REGOLE DI UTILIZZO QUI DI SEGUITO RIPORTATE.<br \/>\nMARCHI E SEGNI DISTINTIVI.<\/h6>\n<p>Tutti le immagini, i marchi e gli ulteriori segni distintivi eventualmente utilizzati o a cui \u00e8 fatto riferimento in questo sito web appartengono ai rispettivi proprietari.<br \/>\nL\u2019accesso al sito non fornisce al Navigatore il diritto di utilizzare tali marchi e segni distintivi senza l\u2019autorizzazione scritta dei rispettivi e legittimi titolari.<\/p>\n<h3>PROPRIET\u00c0 INTELLETTUALE<\/h3>\n<p>E\u2019 vietata la riproduzione, distribuzione, pubblicazione, copia, trasmissione, vendita, adattamento ecc. dei contenuti del sito.<br \/>\nTutto il materiale pubblicato su questo Sito \u00e8 protetto dai diritti di propriet\u00e0 intellettuale e industriale, in conformit\u00e0 alla normativa vigente in materia. L\u2019utente riconosce che tutti i diritti in questione (compresi, ma senza limitazione, diritti d\u2019autore, brevetti, know-how, informazioni confidenziali, diritti di banche dati e diritti di marchio e design \u2013 a prescindere che siano registrati o meno) del Sito siano conferiti alla\u201cCinestudio S.r.l.\u201d (d\u2019ora in poi anche \u201cCinestudio\u201d o \u201csociet\u00e0\u201d) o ai propri concessori di diritti. Tutti i diritti di propriet\u00e0 intellettuale ed avviamento derivanti dall\u2019uso dei medesimi conferiti alla Societ\u00e0 saranno a beneficio della medesima.<br \/>\nLa documentazione, le immagini, i caratteri, la grafica, il software e altri contenuti del sito, nonch\u00e9 la presentazione e l\u2019elaborazione degli stessi, e tutti i codici e format scripts per implementare il sito, sono di propriet\u00e0 della Cinestudio oppure di terzi, e sono tutelati dalla normativa applicabile.<br \/>\nL\u2019accesso al Sito non fornisce al Navigatore il diritto di appropriarsi, n\u00e9 di riprodurre, di modificare, di distribuire, di ripubblicare, in alcuna forma anche parziale, le informazioni in esso contenute, senza l\u2019espressa autorizzazione scritta da parte della ditta e\/o del terzo titolare dei relativi diritti di sfruttamento e\/o di riproduzione.<\/p>\n<h3>LINKS<\/h3>\n<p>Eventuali link al Sito, da parte di siti di terzi, potranno essere effettuati esclusivamente previa autorizzazione scritta della Cinestudio ed in ogni caso dovranno essere effettuati esclusivamente alla home del Sito. Il link a pagine interne, mediante tecniche, ad esempio, di framing o deep-linking, scraping, data mining, \u00e8 vietato e la violazione sar\u00e0 perseguita ai sensi di legge.<br \/>\nI collegamenti interattivi presenti sul Sito verso siti gestiti da terzi, sono autorizzati da Cinestudioche tuttavia non opera alcun controllo in merito alle informazioni, ai prodotti, ai servizi eventualmente offerti o alle politiche privacy adottate. Pertanto, la ditta, non assume alcuna responsabilit\u00e0 in merito al contenuto ed alle modalit\u00e0 tecnico-operative di tali siti esterni, in particolar modo per quanto riguarda gli aspetti di sicurezza informatica: a tale proposito l\u2019utente \u00e8 tenuto a cautelarsi con idonei sistemi anti-virus, nonch\u00e9 informandosi accuratamente sulle policy ivi stabilite in materia.<br \/>\nOgni sito Internet \u201clinkato\u201d ha infatti una propria privacy policy, diversa e autonoma rispetto a quella della Societ\u00e0, rispetto alla quale quest\u2019ultima non esercita alcuna verifica. I navigatori sono pregati quindi di visionare attentamente le politiche sulla riservatezza adottate nei siti \u201clinkati\u201d dai rispettivi Titolari di autonomo Trattamento.<br \/>\nIn ogni caso a fronte di eventuali comunicazioni da parte dei navigatori sulla non affidabilit\u00e0 o sulla illegittimit\u00e0 di tali siti, la Cinestudio potr\u00e0, a proprio insindacabile giudizio, sospenderne il collegamento.<\/p>\n<h3>SICUREZZA<\/h3>\n<p>Il Navigatore \u00e8 reso consapevole del fatto che la trasmissione di dati tramite Internet non pu\u00f2 raggiungere livelli di sicurezza assoluti. E\u2019 onere del Visitatore premunirsi di idonei meccanismi di protezione informatica, nonch\u00e9 verificare la correttezza dei dati eventualmente forniti. Gli indirizzi e-mail presenti nel Sito fanno capo alla Cinestudio e sono gestiti in conformit\u00e0 alla policy privacy adottata.<br \/>\nLa ditta non pu\u00f2, in ogni caso, considerarsi tenuta ad altra prestazione oltre alla puntuale e corretta applicazione degli standards di sicurezza imposti dalla normativa in vigore, in particolare all\u2019applicazione delle misure di sicurezza di cui al D.Lgs. 196\/2003<\/p>\n<h3>CONTENUTI<\/h3>\n<p>Il presente Sito non contiene prodotti editoriali n\u00e9 \u00e8 configurabile come testata giornalistica e la diffusione di eventuale materiale interno al Sito (in particolare per mezzo di \u201cNewsletter\u201d) non ha comunque carattere periodico, essendo condizionata alla disponibilit\u00e0 del materiale stesso. La Cinestudio non si avvale, inoltre, delle provvidenze di cui alla Legge 7 marzo 2001, n. 62.<\/p>\n<h3>DISPOSIZIONI VARIE<\/h3>\n<p>La limitazioni di responsabilit\u00e0 di cui sopra non hanno lo scopo di limitare la responsabilit\u00e0 della Cinestudio o di escluderla nei casi in cui non possa essere esclusa o limitata in forza della legge nazionale applicabile.<br \/>\nSi ricorda che accedendo al presente Sito l\u2019utente acconsente che le leggi ed i regolamenti dello Stato italiano trovino applicazione per tutte le questioni relative all\u2019utilizzo di questo Sito Web.<br \/>\nCopyright \u00a9 2013 Cinestudio S.r.l. \u2013 Tutti i diritti riservati[\/vc_column_text][vc_separator type=&#8221;transparent&#8221; position=&#8221;center&#8221; width_in_percentages=&#8221;&#8221; down=&#8221;100&#8243;][\/vc_column][\/vc_row]<\/p>\n<\/div>","protected":false},"excerpt":{"rendered":"<p>[vc_row][vc_column][vc_separator type=&#8221;transparent&#8221; position=&#8221;center&#8221; width_in_percentages=&#8221;&#8221; down=&#8221;100&#8243;][vc_column_text] Note Legali Copyright \u00a9 2015 Cinestudio S.r.l. \u2013 Tutti i diritti riservati. IL DOMINIO E IL SITO WEB \u201cWWW.CINESTUDIO.NET\u201d SONO PROPRIET\u00c0 DELLA CINESTUDIO S.R.L. sede legale: Cinestudio srl Via M.Melloni, 10 20129 Milano P.IVA 11858500157 email: info@cinestudio.net TERMINI E CONDIZIONI D\u2019USO DEL SITO WEB www.cinestudio.net (\u201cIL SITO\u201d) L\u2019UTENTE CHE NAVIGA NEL NOSTRO SITO E\u2019 PREGATO DI RISPETTARE LE REGOLE DI UTILIZZO QUI DI SEGUITO RIPORTATE. MARCHI E SEGNI DISTINTIVI. Tutti le immagini, i marchi e gli ulteriori segni distintivi eventualmente utilizzati o a cui \u00e8 fatto riferimento in questo sito web appartengono ai rispettivi proprietari&#8230;.<\/p>\n","protected":false},"author":1,"featured_media":0,"parent":0,"menu_order":0,"comment_status":"closed","ping_status":"closed","template":"","meta":{"footnotes":""},"class_list":["post-16735","page","type-page","status-publish","hentry"],"_links":{"self":[{"href":"https:\/\/www.cinestudio.net\/production\/wp-json\/wp\/v2\/pages\/16735","targetHints":{"allow":["GET"]}}],"collection":[{"href":"https:\/\/www.cinestudio.net\/production\/wp-json\/wp\/v2\/pages"}],"about":[{"href":"https:\/\/www.cinestudio.net\/production\/wp-json\/wp\/v2\/types\/page"}],"author":[{"embeddable":true,"href":"https:\/\/www.cinestudio.net\/production\/wp-json\/wp\/v2\/users\/1"}],"replies":[{"embeddable":true,"href":"https:\/\/www.cinestudio.net\/production\/wp-json\/wp\/v2\/comments?post=16735"}],"version-history":[{"count":5,"href":"https:\/\/www.cinestudio.net\/production\/wp-json\/wp\/v2\/pages\/16735\/revisions"}],"predecessor-version":[{"id":16741,"href":"https:\/\/www.cinestudio.net\/production\/wp-json\/wp\/v2\/pages\/16735\/revisions\/16741"}],"wp:attachment":[{"href":"https:\/\/www.cinestudio.net\/production\/wp-json\/wp\/v2\/media?parent=16735"}],"curies":[{"name":"wp","href":"https:\/\/api.w.org\/{rel}","templated":true}]}}